{"id":1507,"date":"2018-04-16T08:11:45","date_gmt":"2018-04-16T07:11:45","guid":{"rendered":"http:\/\/www.khfi.de\/?page_id=1507"},"modified":"2019-07-10T11:05:05","modified_gmt":"2019-07-10T10:05:05","slug":"strukturelle-kardiologie","status":"publish","type":"page","link":"https:\/\/www.khfi.de\/khfiweb\/?page_id=1507","title":{"rendered":"Arbeitsgruppe Strukturelle Kardiologie"},"content":{"rendered":"<p><img loading=\"lazy\" decoding=\"async\" class=\"size-medium wp-image-1542 alignright\" src=\"http:\/\/www.khfi.de\/khfiweb\/wp-content\/uploads\/2018\/04\/Structure-300x145.jpg\" alt=\"\" width=\"300\" height=\"145\" srcset=\"https:\/\/www.khfi.de\/khfiweb\/wp-content\/uploads\/2018\/04\/Structure-300x145.jpg 300w, https:\/\/www.khfi.de\/khfiweb\/wp-content\/uploads\/2018\/04\/Structure-768x371.jpg 768w, https:\/\/www.khfi.de\/khfiweb\/wp-content\/uploads\/2018\/04\/Structure.jpg 829w\" sizes=\"(max-width: 300px) 100vw, 300px\" \/>Die Arbeitsgruppe strukturelle\u00a0 Kardiologie besch\u00e4ftigt sich mit der interventionellen Therapie struktureller Herzerkrankungen. Klinisch werden in diesem Zusammenhang alle M\u00f6glichkeiten der interventionellen Klappentherapie inkl. z.b. Transkatheter-Aortenklappenimplantationen, Mitra-Clip, Mitralklappenvalvuloplastie sowie Cardioband in interdisziplin\u00e4rer Zusammenarbeit mit der Kardiochirurgie durchgef\u00fchrt. Die Kerckhoff-Klinik geh\u00f6rt zu einem der gr\u00f6\u00dften Zentren der interventionellen Klappentherapie in Deutschland, sie ist Schulungszentrum f\u00fcr nationale und internationale G\u00e4ste. Weiterhin werden die transkoronare Ablation der septalen Hypertrophie bei Patienten mit hypertroph-obstruktiver Kardiomyopathie (TASH), die Implantation von linksventrikul\u00e4ren Partitionierungsdevices (Parachute), LAA Okkluder sowie der Verschluss von persistierendem Foramen ovale, ASD und VSD durchgef\u00fchrt.<\/p>\n<p>Insbesondere f\u00fcr \u00e4ltere Patienten mit hohem bis sehr hohem operativen Risiko stellen Methoden wie die\u00a0Transkatheter Aortenklappenimplantationen (TAVI) die Therapie der Wahl bei symptomatischer Aortenklappenstenose dar. Zum gro\u00dfen Erfolg dieser Methode haben nicht nur eine zunehmende Erfahrung, eine verbesserte Patientenselektion und Bildgebung, der Einsatz von neuen Technologien, sondern auch die interdisziplin\u00e4re Zusammenarbeit im Heart Team gef\u00fchrt. Die Kerckhoff-Klinik ist Referenzzentrum f\u00fcr verschiedene Klappensysteme (Symetis, Edwards, Portico). Regelhaft wird die Prozedur TAVI an unserem Standort wissenschaftlich begleitet z.B. in zentrumsspezifischen aber auch internationalen Studien.\u00a0<span id=\"bWVgh4lVmHL8zu4rpbgs9\" class=\"abt-citation noselect mceNonEditable\" data-reflist=\"[&quot;1924983346&quot;]\" data-footnote=\"undefined\"><sup>1<\/sup><\/span>,<span id=\"qpCxyieC_JX15MTknNMdE\" class=\"abt-citation noselect mceNonEditable\" data-reflist=\"[&quot;1961726688&quot;]\" data-footnote=\"undefined\"><sup>2<\/sup><\/span>,<span id=\"Ekj0AA6k12mbXP1bROjaz\" class=\"abt-citation noselect mceNonEditable\" data-reflist=\"[&quot;4155288035&quot;]\" data-footnote=\"undefined\"><sup>3<\/sup><\/span>,<span id=\"PqPmZ0QEcWSaL~Ds5mBcR\" class=\"abt-citation noselect mceNonEditable\" data-reflist=\"[&quot;2086885299&quot;]\" data-footnote=\"undefined\"><sup>4<\/sup><\/span>,<span id=\"72jdZnrDQtjlUT6lqH9Op\" class=\"abt-citation noselect mceNonEditable\" data-reflist=\"[&quot;4053704190&quot;]\" data-footnote=\"undefined\"><sup>5<\/sup><\/span>,<span id=\"IuiJbiCUJIGcB3pZlO71I\" class=\"abt-citation noselect mceNonEditable\" data-reflist=\"[&quot;2271973827&quot;]\" data-footnote=\"undefined\"><sup>6<\/sup><\/span>,<span id=\"FBCfF0LVBAHvsehgnnUFz\" class=\"abt-citation noselect mceNonEditable\" data-reflist=\"[&quot;3064908270&quot;]\" data-footnote=\"undefined\"><sup>7<\/sup><\/span>,<span id=\"H04eeI3i9D6Bcrp0twjhE\" class=\"abt-citation noselect mceNonEditable\" data-reflist=\"[&quot;47129117&quot;]\" data-footnote=\"undefined\"><sup>8<\/sup><\/span><\/p>\n<p>Beispielhaft genannt sei hier auch die klinisch relevante wissenschaftliche Evaluation ballon- und selbstexpandierbare Klappenprothesen hinsichtlich prozeduraler Ergebnisse und Mortalit\u00e4t miteinander zu vergleichen.<sup><span id=\"TDOO1st90ueCzrEy4g_UT\" class=\"abt-citation noselect mceNonEditable\" data-reflist=\"[&quot;1657086305&quot;]\" data-footnote=\"undefined\"><sup>9<\/sup><\/span>,<span id=\"vEvjFwo4Pz0ubmCuFrNlN\" class=\"abt-citation noselect mceNonEditable\" data-reflist=\"[&quot;2449008555&quot;]\" data-footnote=\"undefined\"><sup>10<\/sup><\/span>,<span id=\"IzWgvwpZW_WQt9C7ZivER\" class=\"abt-citation noselect mceNonEditable\" data-reflist=\"[&quot;1961000908&quot;]\" data-footnote=\"undefined\"><sup>11<\/sup><\/span>,<span id=\"qXaDdh28cyDCHPJEDIVSL\" class=\"abt-citation noselect mceNonEditable\" data-reflist=\"[&quot;12108504&quot;]\" data-footnote=\"undefined\"><sup>12<\/sup><\/span><\/sup><\/p>\n<p>In den derzeitigen Leitlinien stellen bikuspide Aortenklappen eine relative Kontraindikation f\u00fcr eine TAVI dar. Die Datenlage sowohl zu Pr\u00e4valenz als auch zu klinischen Ergebnissen ist jedoch inkonsistent. Durch Nutzung modernen Bildgebungverfahren k\u00f6nnen bikuspide Aortenklappen erkannt und klassifiziert werden. Auch erfolgt eine wissenschaftliche Evaluation der Behandlungsergebnis einer TAVI bei Patienten mit bikuspider Aortenklappe.<sup><span id=\"wmgt5NerGoxjO0OabgYD8\" class=\"abt-citation noselect mceNonEditable\" data-reflist=\"[&quot;2293546496&quot;]\" data-footnote=\"undefined\"><sup>13<\/sup><\/span><\/sup><\/p>\n<h5><\/h5>\n<h5><\/h5>\n<h5>Beteiligte Personen<\/h5>\n<p>Dr. W.-K. Kim<br \/>\nPD Dr. O. D\u00f6rr<br \/>\nProf. Dr. C. Liebetrau<br \/>\nPD Dr. U. Fischer-Rasokat<br \/>\nDr. M. Renker<br \/>\nDr. Marko Dahmer<br \/>\nDr. S. Keranov<\/p>\n<h5><strong>Aktuelle Publikationen<\/strong><\/h5>\n<div id=\"abt-bibliography\" class=\"abt-bibliography noselect mceNonEditable\" data-reflist=\"[&quot;1924983346&quot;,&quot;1961726688&quot;,&quot;4155288035&quot;,&quot;2086885299&quot;,&quot;4053704190&quot;,&quot;2271973827&quot;,&quot;3064908270&quot;,&quot;47129117&quot;,&quot;1657086305&quot;,&quot;2449008555&quot;,&quot;1961000908&quot;,&quot;12108504&quot;,&quot;2293546496&quot;]\">\n<div id=\"abt-bibliography__container\" class=\"abt-bibliography__container\">\n<div id=\"1924983346\">\n<div class=\"csl-entry flush\">\n<div class=\"csl-left-margin\">1.<\/div>\n<div class=\"csl-right-inline\">M\u00f6llmann H, Hengstenberg C, Hilker M, Kerber S, Sch\u00e4fer U, Rudolph T, Linke A, Franz N, Kuntze T, Nef H, Kappert U, Walther T, Zembala M, Toggweiler S, Kim W. Real-world experience using the ACURATE neo prosthesis: 30-day outcomes of 1,000 patients enrolled in the SAVI TF registry. <i>EuroIntervention<\/i> 2018;<b>13<\/b>:e1764\u2013e1770. <span class=\"abt-url\">[<a href=\"https:\/\/www.ncbi.nlm.nih.gov\/pubmed\/29131801\" target=\"_blank\" rel=\"noopener noreferrer\">PubMed<\/a>]<\/span><\/div>\n<\/div>\n<\/div>\n<div id=\"1961726688\">\n<div class=\"csl-entry flush\">\n<div class=\"csl-left-margin\">2.<\/div>\n<div class=\"csl-right-inline\">Husser O, Fujita B, Hengstenberg C, Frerker C, Beckmann A, M\u00f6llmann H, Walther T, Bekeredjian R, B\u00f6hm M, Pellegrini C, Bleiziffer S, Lange R, Mohr F, Hamm C, Bauer T, Ensminger S, GARY E. Conscious Sedation Versus General\u00a0Anesthesia in Transcatheter\u00a0Aortic Valve\u00a0Replacement: The German Aortic Valve Registry. <i>JACC Cardiovasc Interv<\/i> 2018;<b>11<\/b>:567\u2013578. <span class=\"abt-url\">[<a href=\"https:\/\/www.ncbi.nlm.nih.gov\/pubmed\/29566803\" target=\"_blank\" rel=\"noopener noreferrer\">PubMed<\/a>]<\/span><\/div>\n<\/div>\n<\/div>\n<div id=\"4155288035\">\n<div class=\"csl-entry flush\">\n<div class=\"csl-left-margin\">3.<\/div>\n<div class=\"csl-right-inline\">Gaede L, Blumenstein J, Liebetrau C, D\u00f6rr O, Kim W, Nef H, Husser O, Els\u00e4sser A, Hamm C, M\u00f6llmann H. Outcome after transvascular transcatheter aortic valve implantation in 2016. <i>Eur Heart J<\/i> 2018;<b>39<\/b>:667\u2013675. <span class=\"abt-url\">[<a href=\"https:\/\/www.ncbi.nlm.nih.gov\/pubmed\/29228149\" target=\"_blank\" rel=\"noopener noreferrer\">PubMed<\/a>]<\/span><\/div>\n<\/div>\n<\/div>\n<div id=\"2086885299\">\n<div class=\"csl-entry flush\">\n<div class=\"csl-left-margin\">4.<\/div>\n<div class=\"csl-right-inline\">Arsalan M, Maren W, Hecker F, Filardo G, Kim W, Pollock B, Van L, Arsalan-Werner A, Renker M, Doss M, Kalbas S, Hamm C, Liebetrau C, Mack M, Walther T. TAVI risk scoring using established versus new scoring systems: role of the new STS\/ACC model. <i>EuroIntervention<\/i> 2018;<b>13<\/b>:1520\u20131526. <span class=\"abt-url\">[<a href=\"https:\/\/www.ncbi.nlm.nih.gov\/pubmed\/28994653\" target=\"_blank\" rel=\"noopener noreferrer\">PubMed<\/a>]<\/span><\/div>\n<\/div>\n<\/div>\n<div id=\"4053704190\">\n<div class=\"csl-entry flush\">\n<div class=\"csl-left-margin\">5.<\/div>\n<div class=\"csl-right-inline\">Arsalan M, Kim W, Van L, Liebetrau C, Pollock B, Filardo G, Renker M, M\u00f6llmann H, Doss M, Fischer-Rasokat U, Skwara A, Hamm C, Walther T. Predictors and outcome of conversion to cardiac surgery during transcatheter aortic valve implantation. <i>Eur J Cardiothorac Surg<\/i> 2018; <span class=\"abt-url\">[<a href=\"https:\/\/www.ncbi.nlm.nih.gov\/pubmed\/29506158\" target=\"_blank\" rel=\"noopener noreferrer\">PubMed<\/a>]<\/span><\/div>\n<\/div>\n<\/div>\n<div id=\"2271973827\">\n<div class=\"csl-entry flush\">\n<div class=\"csl-left-margin\">6.<\/div>\n<div class=\"csl-right-inline\">M\u00f6llmann H, Walther T, Siqueira D, Diemert P, Treede H, Grube E, Nickenig G, Baldus S, Rudolph T, Kuratani T, Sawa Y, Kempfert J, Kim W, Abizaid A. Transfemoral TAVI using the self-expanding ACURATE neo prosthesis: one-year outcomes of the multicentre \u2018CE-approval cohort\u2019. <i>EuroIntervention<\/i> 2017;<b>13<\/b>:e1040\u2013e1046. <span class=\"abt-url\">[<a href=\"https:\/\/www.ncbi.nlm.nih.gov\/pubmed\/28804056\" target=\"_blank\" rel=\"noopener noreferrer\">PubMed<\/a>]<\/span><\/div>\n<\/div>\n<\/div>\n<div id=\"3064908270\">\n<div class=\"csl-entry flush\">\n<div class=\"csl-left-margin\">7.<\/div>\n<div class=\"csl-right-inline\">Kim W, Hamm C. The Future of TAVI. <i>Eur Heart J<\/i> 2017;<b>38<\/b>:2704\u20132707. <span class=\"abt-url\">[<a href=\"https:\/\/www.ncbi.nlm.nih.gov\/pubmed\/29044388\" target=\"_blank\" rel=\"noopener noreferrer\">PubMed<\/a>]<\/span><\/div>\n<\/div>\n<\/div>\n<div id=\"47129117\">\n<div class=\"csl-entry flush\">\n<div class=\"csl-left-margin\">8.<\/div>\n<div class=\"csl-right-inline\">Gaede L, Kim W, Blumenstein J, Liebetrau C, D\u00f6rr O, Nef H, Hamm C, Walther T, Achenbach S, Els\u00e4sser A, M\u00f6llmann H. Temporal trends in transcatheter and surgical aortic valve replacement\u202f: An analysis of aortic valve replacements in\u00a0Germany during 2012-2014. <i>Herz<\/i> 2017;<b>42<\/b>:316\u2013324. <span class=\"abt-url\">[<a href=\"https:\/\/www.ncbi.nlm.nih.gov\/pubmed\/27491767\" target=\"_blank\" rel=\"noopener noreferrer\">PubMed<\/a>]<\/span><\/div>\n<\/div>\n<\/div>\n<div id=\"1657086305\">\n<div class=\"csl-entry flush\">\n<div class=\"csl-left-margin\">9.<\/div>\n<div class=\"csl-right-inline\">Mauri V, Kim W, Abumayyaleh M, Walther T, Moellmann H, Schaefer U, Conradi L, Hengstenberg C, Hilker M, Wahlers T, Baldus S, Rudolph V, Madershahian N, Rudolph T. Short-Term Outcome and Hemodynamic Performance of Next-Generation Self-Expanding Versus Balloon-Expandable Transcatheter Aortic Valves in Patients With Small Aortic Annulus: A Multicenter Propensity-Matched Comparison. <i>Circ Cardiovasc Interv<\/i> 2017;<b>10<\/b>. <span class=\"abt-url\">[<a href=\"https:\/\/www.ncbi.nlm.nih.gov\/pubmed\/28951395\" target=\"_blank\" rel=\"noopener noreferrer\">PubMed<\/a>]<\/span><\/div>\n<\/div>\n<\/div>\n<div id=\"2449008555\">\n<div class=\"csl-entry flush\">\n<div class=\"csl-left-margin\">10.<\/div>\n<div class=\"csl-right-inline\">Kim W, Liebetrau C, Renker M, Rolf A, Van L, Arsalan M, Husser O, M\u00f6llmann H, Hamm C, Walther T. Transfemoral aortic valve implantation using a self-expanding transcatheter heart valve without pre-dilation. <i>Int J Cardiol<\/i> 2017;<b>243<\/b>:156\u2013160. <span class=\"abt-url\">[<a href=\"https:\/\/www.ncbi.nlm.nih.gov\/pubmed\/28579166\" target=\"_blank\" rel=\"noopener noreferrer\">PubMed<\/a>]<\/span><\/div>\n<\/div>\n<\/div>\n<div id=\"1961000908\">\n<div class=\"csl-entry flush\">\n<div class=\"csl-left-margin\">11.<\/div>\n<div class=\"csl-right-inline\">Kim W, Blumenstein J, Liebetrau C, Rolf A, Gaede L, Van L, Arsalan M, Doss M, Tijssen J, Hamm C, Walther T, M\u00f6llmann H. Comparison of outcomes using balloon-expandable versus self-expanding transcatheter prostheses according to the extent of aortic valve calcification. <i>Clin Res Cardiol<\/i> 2017;<b>106<\/b>:995\u20131004. <span class=\"abt-url\">[<a href=\"https:\/\/www.ncbi.nlm.nih.gov\/pubmed\/28795259\" target=\"_blank\" rel=\"noopener noreferrer\">PubMed<\/a>]<\/span><\/div>\n<\/div>\n<\/div>\n<div id=\"12108504\">\n<div class=\"csl-entry flush\">\n<div class=\"csl-left-margin\">12.<\/div>\n<div class=\"csl-right-inline\">Husser O, Kim W, Pellegrini C, Holzamer A, Walther T, Mayr P, Joner M, Kasel A, Trenkwalder T, Michel J, Rheude T, Kastrati A, Schunkert H, Burgdorf C, Hilker M, M\u00f6llmann H, Hengstenberg C. Multicenter Comparison of Novel Self-Expanding Versus Balloon-Expandable Transcatheter Heart\u00a0Valves. <i>JACC Cardiovasc Interv<\/i> 2017;<b>10<\/b>:2078\u20132087. <span class=\"abt-url\">[<a href=\"https:\/\/www.ncbi.nlm.nih.gov\/pubmed\/29050625\" target=\"_blank\" rel=\"noopener noreferrer\">PubMed<\/a>]<\/span><\/div>\n<\/div>\n<\/div>\n<div id=\"2293546496\">\n<div class=\"csl-entry flush\">\n<div class=\"csl-left-margin\">13.<\/div>\n<div class=\"csl-right-inline\">Kim W, Gaede L, Husser O, Liebetrau C, Renker M, Rolf A, Fischer-Rasokat U, M\u00f6llmann S, Blumenstein J, Guenther E, Van L, Arsalan M, Doss M, Loders S, Arnold M, Hamm C, Walther T, Achenbach S, M\u00f6llmann H. Computed Tomography for Diagnosis and\u00a0Classification of Bicuspid Aortic Valve\u00a0Disease in Transcatheter Aortic Valve Replacement. <i>JACC Cardiovasc Imaging<\/i> 2018; <span class=\"abt-url\">[<a href=\"https:\/\/www.ncbi.nlm.nih.gov\/pubmed\/29454778\" target=\"_blank\" rel=\"noopener noreferrer\">PubMed<\/a>]<\/span><\/div>\n<\/div>\n<\/div>\n<\/div>\n<\/div>\n\n<div class=\"twitter-share\"><a href=\"https:\/\/twitter.com\/intent\/tweet?via=KHFI_BioReg\" class=\"twitter-share-button\">Twittern<\/a><\/div>\n","protected":false},"excerpt":{"rendered":"<p>Die Arbeitsgruppe strukturelle\u00a0 Kardiologie besch\u00e4ftigt sich mit der interventionellen Therapie struktureller Herzerkrankungen. Klinisch werden in diesem Zusammenhang alle M\u00f6glichkeiten der interventionellen Klappentherapie inkl. z.b. Transkatheter-Aortenklappenimplantationen, [&hellip;] <span class=\"read-more-link\"><a class=\"read-more\" href=\"https:\/\/www.khfi.de\/khfiweb\/?page_id=1507\">Read More<\/a><\/span><\/p>\n","protected":false},"author":2,"featured_media":0,"parent":0,"menu_order":0,"comment_status":"closed","ping_status":"closed","template":"","meta":{"footnotes":""},"yoast_head":"<!-- This site is optimized with the Yoast SEO plugin v23.5 - https:\/\/yoast.com\/wordpress\/plugins\/seo\/ -->\n<title>Arbeitsgruppe Strukturelle Kardiologie | KHFI<\/title>\n<meta name=\"robots\" content=\"index, follow, max-snippet:-1, max-image-preview:large, max-video-preview:-1\" \/>\n<link rel=\"canonical\" href=\"https:\/\/www.khfi.de\/khfiweb\/?page_id=1507\" \/>\n<meta property=\"og:locale\" content=\"de_DE\" \/>\n<meta property=\"og:type\" content=\"article\" \/>\n<meta property=\"og:title\" content=\"Arbeitsgruppe Strukturelle Kardiologie | KHFI\" \/>\n<meta property=\"og:description\" content=\"Die Arbeitsgruppe strukturelle\u00a0 Kardiologie besch\u00e4ftigt sich mit der interventionellen Therapie struktureller Herzerkrankungen. Klinisch werden in diesem Zusammenhang alle M\u00f6glichkeiten der interventionellen Klappentherapie inkl. z.b. Transkatheter-Aortenklappenimplantationen, [&hellip;] Read More\" \/>\n<meta property=\"og:url\" content=\"https:\/\/www.khfi.de\/khfiweb\/?page_id=1507\" \/>\n<meta property=\"og:site_name\" content=\"KHFI\" \/>\n<meta property=\"article:modified_time\" content=\"2019-07-10T10:05:05+00:00\" \/>\n<meta property=\"og:image\" content=\"http:\/\/www.khfi.de\/khfiweb\/wp-content\/uploads\/2018\/04\/Structure-300x145.jpg\" \/>\n<meta name=\"twitter:card\" content=\"summary_large_image\" \/>\n<meta name=\"twitter:site\" content=\"@KHFI_BioReg\" \/>\n<meta name=\"twitter:label1\" content=\"Gesch\u00e4tzte Lesezeit\" \/>\n\t<meta name=\"twitter:data1\" content=\"4\u00a0Minuten\" \/>\n<script type=\"application\/ld+json\" class=\"yoast-schema-graph\">{\"@context\":\"https:\/\/schema.org\",\"@graph\":[{\"@type\":\"WebPage\",\"@id\":\"https:\/\/www.khfi.de\/khfiweb\/?page_id=1507\",\"url\":\"https:\/\/www.khfi.de\/khfiweb\/?page_id=1507\",\"name\":\"Arbeitsgruppe Strukturelle Kardiologie | KHFI\",\"isPartOf\":{\"@id\":\"https:\/\/www.khfi.de\/khfiweb\/#website\"},\"primaryImageOfPage\":{\"@id\":\"https:\/\/www.khfi.de\/khfiweb\/?page_id=1507#primaryimage\"},\"image\":{\"@id\":\"https:\/\/www.khfi.de\/khfiweb\/?page_id=1507#primaryimage\"},\"thumbnailUrl\":\"http:\/\/www.khfi.de\/khfiweb\/wp-content\/uploads\/2018\/04\/Structure-300x145.jpg\",\"datePublished\":\"2018-04-16T07:11:45+00:00\",\"dateModified\":\"2019-07-10T10:05:05+00:00\",\"breadcrumb\":{\"@id\":\"https:\/\/www.khfi.de\/khfiweb\/?page_id=1507#breadcrumb\"},\"inLanguage\":\"de\",\"potentialAction\":[{\"@type\":\"ReadAction\",\"target\":[\"https:\/\/www.khfi.de\/khfiweb\/?page_id=1507\"]}]},{\"@type\":\"ImageObject\",\"inLanguage\":\"de\",\"@id\":\"https:\/\/www.khfi.de\/khfiweb\/?page_id=1507#primaryimage\",\"url\":\"https:\/\/www.khfi.de\/khfiweb\/wp-content\/uploads\/2018\/04\/Structure.jpg\",\"contentUrl\":\"https:\/\/www.khfi.de\/khfiweb\/wp-content\/uploads\/2018\/04\/Structure.jpg\",\"width\":829,\"height\":400},{\"@type\":\"BreadcrumbList\",\"@id\":\"https:\/\/www.khfi.de\/khfiweb\/?page_id=1507#breadcrumb\",\"itemListElement\":[{\"@type\":\"ListItem\",\"position\":1,\"name\":\"Startseite\",\"item\":\"https:\/\/www.khfi.de\/khfiweb\/\"},{\"@type\":\"ListItem\",\"position\":2,\"name\":\"Arbeitsgruppe Strukturelle Kardiologie\"}]},{\"@type\":\"WebSite\",\"@id\":\"https:\/\/www.khfi.de\/khfiweb\/#website\",\"url\":\"https:\/\/www.khfi.de\/khfiweb\/\",\"name\":\"KHFI\",\"description\":\"\",\"publisher\":{\"@id\":\"https:\/\/www.khfi.de\/khfiweb\/#organization\"},\"potentialAction\":[{\"@type\":\"SearchAction\",\"target\":{\"@type\":\"EntryPoint\",\"urlTemplate\":\"https:\/\/www.khfi.de\/khfiweb\/?s={search_term_string}\"},\"query-input\":{\"@type\":\"PropertyValueSpecification\",\"valueRequired\":true,\"valueName\":\"search_term_string\"}}],\"inLanguage\":\"de\"},{\"@type\":\"Organization\",\"@id\":\"https:\/\/www.khfi.de\/khfiweb\/#organization\",\"name\":\"Kerckhoff Heart Research Institute\",\"url\":\"https:\/\/www.khfi.de\/khfiweb\/\",\"logo\":{\"@type\":\"ImageObject\",\"inLanguage\":\"de\",\"@id\":\"https:\/\/www.khfi.de\/khfiweb\/#\/schema\/logo\/image\/\",\"url\":\"https:\/\/www.khfi.de\/khfiweb\/wp-content\/uploads\/2018\/02\/Logo_KHFI_klein100.png\",\"contentUrl\":\"https:\/\/www.khfi.de\/khfiweb\/wp-content\/uploads\/2018\/02\/Logo_KHFI_klein100.png\",\"width\":100,\"height\":31,\"caption\":\"Kerckhoff Heart Research Institute\"},\"image\":{\"@id\":\"https:\/\/www.khfi.de\/khfiweb\/#\/schema\/logo\/image\/\"},\"sameAs\":[\"https:\/\/x.com\/KHFI_BioReg\"]}]}<\/script>\n<!-- \/ Yoast SEO plugin. -->","yoast_head_json":{"title":"Arbeitsgruppe Strukturelle Kardiologie | KHFI","robots":{"index":"index","follow":"follow","max-snippet":"max-snippet:-1","max-image-preview":"max-image-preview:large","max-video-preview":"max-video-preview:-1"},"canonical":"https:\/\/www.khfi.de\/khfiweb\/?page_id=1507","og_locale":"de_DE","og_type":"article","og_title":"Arbeitsgruppe Strukturelle Kardiologie | KHFI","og_description":"Die Arbeitsgruppe strukturelle\u00a0 Kardiologie besch\u00e4ftigt sich mit der interventionellen Therapie struktureller Herzerkrankungen. Klinisch werden in diesem Zusammenhang alle M\u00f6glichkeiten der interventionellen Klappentherapie inkl. z.b. Transkatheter-Aortenklappenimplantationen, [&hellip;] Read More","og_url":"https:\/\/www.khfi.de\/khfiweb\/?page_id=1507","og_site_name":"KHFI","article_modified_time":"2019-07-10T10:05:05+00:00","og_image":[{"url":"http:\/\/www.khfi.de\/khfiweb\/wp-content\/uploads\/2018\/04\/Structure-300x145.jpg"}],"twitter_card":"summary_large_image","twitter_site":"@KHFI_BioReg","twitter_misc":{"Gesch\u00e4tzte Lesezeit":"4\u00a0Minuten"},"schema":{"@context":"https:\/\/schema.org","@graph":[{"@type":"WebPage","@id":"https:\/\/www.khfi.de\/khfiweb\/?page_id=1507","url":"https:\/\/www.khfi.de\/khfiweb\/?page_id=1507","name":"Arbeitsgruppe Strukturelle Kardiologie | KHFI","isPartOf":{"@id":"https:\/\/www.khfi.de\/khfiweb\/#website"},"primaryImageOfPage":{"@id":"https:\/\/www.khfi.de\/khfiweb\/?page_id=1507#primaryimage"},"image":{"@id":"https:\/\/www.khfi.de\/khfiweb\/?page_id=1507#primaryimage"},"thumbnailUrl":"http:\/\/www.khfi.de\/khfiweb\/wp-content\/uploads\/2018\/04\/Structure-300x145.jpg","datePublished":"2018-04-16T07:11:45+00:00","dateModified":"2019-07-10T10:05:05+00:00","breadcrumb":{"@id":"https:\/\/www.khfi.de\/khfiweb\/?page_id=1507#breadcrumb"},"inLanguage":"de","potentialAction":[{"@type":"ReadAction","target":["https:\/\/www.khfi.de\/khfiweb\/?page_id=1507"]}]},{"@type":"ImageObject","inLanguage":"de","@id":"https:\/\/www.khfi.de\/khfiweb\/?page_id=1507#primaryimage","url":"https:\/\/www.khfi.de\/khfiweb\/wp-content\/uploads\/2018\/04\/Structure.jpg","contentUrl":"https:\/\/www.khfi.de\/khfiweb\/wp-content\/uploads\/2018\/04\/Structure.jpg","width":829,"height":400},{"@type":"BreadcrumbList","@id":"https:\/\/www.khfi.de\/khfiweb\/?page_id=1507#breadcrumb","itemListElement":[{"@type":"ListItem","position":1,"name":"Startseite","item":"https:\/\/www.khfi.de\/khfiweb\/"},{"@type":"ListItem","position":2,"name":"Arbeitsgruppe Strukturelle Kardiologie"}]},{"@type":"WebSite","@id":"https:\/\/www.khfi.de\/khfiweb\/#website","url":"https:\/\/www.khfi.de\/khfiweb\/","name":"KHFI","description":"","publisher":{"@id":"https:\/\/www.khfi.de\/khfiweb\/#organization"},"potentialAction":[{"@type":"SearchAction","target":{"@type":"EntryPoint","urlTemplate":"https:\/\/www.khfi.de\/khfiweb\/?s={search_term_string}"},"query-input":{"@type":"PropertyValueSpecification","valueRequired":true,"valueName":"search_term_string"}}],"inLanguage":"de"},{"@type":"Organization","@id":"https:\/\/www.khfi.de\/khfiweb\/#organization","name":"Kerckhoff Heart Research Institute","url":"https:\/\/www.khfi.de\/khfiweb\/","logo":{"@type":"ImageObject","inLanguage":"de","@id":"https:\/\/www.khfi.de\/khfiweb\/#\/schema\/logo\/image\/","url":"https:\/\/www.khfi.de\/khfiweb\/wp-content\/uploads\/2018\/02\/Logo_KHFI_klein100.png","contentUrl":"https:\/\/www.khfi.de\/khfiweb\/wp-content\/uploads\/2018\/02\/Logo_KHFI_klein100.png","width":100,"height":31,"caption":"Kerckhoff Heart Research Institute"},"image":{"@id":"https:\/\/www.khfi.de\/khfiweb\/#\/schema\/logo\/image\/"},"sameAs":["https:\/\/x.com\/KHFI_BioReg"]}]}},"_links":{"self":[{"href":"https:\/\/www.khfi.de\/khfiweb\/index.php?rest_route=\/wp\/v2\/pages\/1507"}],"collection":[{"href":"https:\/\/www.khfi.de\/khfiweb\/index.php?rest_route=\/wp\/v2\/pages"}],"about":[{"href":"https:\/\/www.khfi.de\/khfiweb\/index.php?rest_route=\/wp\/v2\/types\/page"}],"author":[{"embeddable":true,"href":"https:\/\/www.khfi.de\/khfiweb\/index.php?rest_route=\/wp\/v2\/users\/2"}],"replies":[{"embeddable":true,"href":"https:\/\/www.khfi.de\/khfiweb\/index.php?rest_route=%2Fwp%2Fv2%2Fcomments&post=1507"}],"version-history":[{"count":20,"href":"https:\/\/www.khfi.de\/khfiweb\/index.php?rest_route=\/wp\/v2\/pages\/1507\/revisions"}],"predecessor-version":[{"id":2031,"href":"https:\/\/www.khfi.de\/khfiweb\/index.php?rest_route=\/wp\/v2\/pages\/1507\/revisions\/2031"}],"wp:attachment":[{"href":"https:\/\/www.khfi.de\/khfiweb\/index.php?rest_route=%2Fwp%2Fv2%2Fmedia&parent=1507"}],"curies":[{"name":"wp","href":"https:\/\/api.w.org\/{rel}","templated":true}]}}