{"id":198,"date":"2015-05-14T17:53:34","date_gmt":"2015-05-14T17:53:34","guid":{"rendered":"http:\/\/www.khfi.de\/?page_id=198"},"modified":"2025-04-14T14:53:39","modified_gmt":"2025-04-14T13:53:39","slug":"historie","status":"publish","type":"page","link":"https:\/\/www.khfi.de\/khfiweb\/?page_id=198","title":{"rendered":"Historie"},"content":{"rendered":"<figure id=\"attachment_433\" aria-describedby=\"caption-attachment-433\" style=\"width: 300px\" class=\"wp-caption alignleft\"><a href=\"http:\/\/www.khfi.de\/khfiweb\/wp-content\/uploads\/2015\/06\/KHFI_25.jpg\"><img loading=\"lazy\" decoding=\"async\" class=\"size-medium wp-image-433\" src=\"http:\/\/www.khfi.de\/khfiweb\/wp-content\/uploads\/2015\/06\/KHFI_25-300x210.jpg\" alt=\"Feierliche Er\u00f6ffnung des Kerckhoff Herzforschungsinstitut mit der Justus-Liebig-Universit\u00e4t Gie\u00dfen gGmbH (KHFI) im BFS. Prof. Dr. Trinad Chakraborty (Dekan des Fachbereichs 11 - Medizin der JLU) und Prof. Dr. Christian Hamm (Gesch\u00e4ftsf\u00fchrer KHFI). Foto: Rolf K. Wegst\" width=\"300\" height=\"210\" srcset=\"https:\/\/www.khfi.de\/khfiweb\/wp-content\/uploads\/2015\/06\/KHFI_25-300x210.jpg 300w, https:\/\/www.khfi.de\/khfiweb\/wp-content\/uploads\/2015\/06\/KHFI_25-1024x717.jpg 1024w\" sizes=\"(max-width: 300px) 100vw, 300px\" \/><\/a><figcaption id=\"caption-attachment-433\" class=\"wp-caption-text\">Feierliche Er\u00f6ffnung des Kerckhoff Herzforschungsinstitut mit der Justus-Liebig-Universit\u00e4t Gie\u00dfen gGmbH (KHFI) im BFS. Prof. Dr. Trinad Chakraborty (Dekan des Fachbereichs 11 &#8211; Medizin der JLU) und Prof. Dr. Christian Hamm (Gesch\u00e4ftsf\u00fchrer KHFI).<br \/>Foto: Rolf K. Wegst<\/figcaption><\/figure>\n<p style=\"text-align: left;\">Nach der Gr\u00fcndung des Kerckhoff Herzforschungsinstitut mit der Justus-Liebig-Universit\u00e4t Gie\u00dfen gGmbH (<a href=\"http:\/\/www.khfi.de\/\">KHFI<\/a>) im Jahr 2013 war es am 08.09.2014 endlich soweit: Das <a href=\"http:\/\/www.khfi.de\/\">KHFI<\/a> feierte seine offizielle Einweihungsfeier der Laborr\u00e4ume in Gie\u00dfen. Zu den G\u00e4sten z\u00e4hlten die Gie\u00dfener Oberb\u00fcrgermeisterin Dietlind Grabe-Bolz, der Dekan des Fachbereichs Medizin Prof. Trinad Chakraborty, der Vize-Pr\u00e4sident der Justus-Liebig-Universit\u00e4t Gie\u00dfen Prof. Adriaan Dorresteijn, der Pr\u00e4sident der Von-Behring-R\u00f6ntgenstiftung und Staatssekret\u00e4r a. D. Prof. Joachim-Felix Leonhard, der Bundesminister a. D. Friedrich Bohl, sowie Professoren\/innen der Universit\u00e4ten Marburg und Frankfurt und viele andere. Hierdurch wurde ein weiterer Meilenstein erreicht und die einj\u00e4hrigen Renovierungsarbeiten im Aulweg 129 wurden abgeschlossen.\u00a0 5 Arbeitgruppen konnten die neuen Laborr\u00e4ume beziehen.<\/p>\n<p style=\"text-align: left;\">Auf einer Fl\u00e4che von knapp 800 Quadratmetern entstanden Labor- und B\u00fcror\u00e4ume sowie Verwaltungs- und Seminarr\u00e4ume. Die Arbeitsgruppen wurden in diesem Rahmen zum Teil mit neuen hochmodernen wissenschaftlichen Ger\u00e4ten ausgestattet, die den h\u00f6chsten Standards entsprechen und hochkar\u00e4tige Forschungsergebnisse garantieren. Dabei wurde die Ger\u00e4teausstattung des KHFI zu gleichen Anteilen von der Justus-Liebig-Universit\u00e4t Gie\u00dfen und von der Kerckhoff-Klinik GmbH finanziert.<\/p>\n<figure id=\"attachment_3212\" aria-describedby=\"caption-attachment-3212\" style=\"width: 164px\" class=\"wp-caption alignright\"><a href=\"http:\/\/www.khfi.de\/khfiweb\/wp-content\/uploads\/2024\/07\/csm_Prof._Dr._Sossalla_bc7730692c.jpg\"><img loading=\"lazy\" decoding=\"async\" class=\"wp-image-3212\" src=\"http:\/\/www.khfi.de\/khfiweb\/wp-content\/uploads\/2024\/07\/csm_Prof._Dr._Sossalla_bc7730692c-225x300.jpg\" alt=\"\" width=\"164\" height=\"219\" srcset=\"https:\/\/www.khfi.de\/khfiweb\/wp-content\/uploads\/2024\/07\/csm_Prof._Dr._Sossalla_bc7730692c-225x300.jpg 225w, https:\/\/www.khfi.de\/khfiweb\/wp-content\/uploads\/2024\/07\/csm_Prof._Dr._Sossalla_bc7730692c.jpg 450w\" sizes=\"(max-width: 164px) 100vw, 164px\" \/><\/a><figcaption id=\"caption-attachment-3212\" class=\"wp-caption-text\">Prof. Dr. med. Samuel T Sossalla<\/figcaption><\/figure>\n<p>Seit dem 1. September 2023 ist Prof. Dr. med. Samuel Sossalla neuer Direktor der Abteilung Kardiologie und Angiologie der Justus-Liebig-Universit\u00e4t Gie\u00dfen sowie der Abteilung Kardiologie der Kerckhoff-Klinik. Als neuer Gesch\u00e4ftsf\u00fchrer des KHFI tritt er damit die Nachfolge von Prof. Dr. med. Christian Hamm an, der viele Jahre das KHFI erfolgreich geleitet und gepr\u00e4gt hat. Prof. Sossalla gilt als international anerkannter Experte im Bereich Kardiologie mit gro\u00dfer Expertise, insbesondere in der interventionellen Kardiologie sowie der kardialen Elektrophysiologie.<\/p>\n\n<div class=\"twitter-share\"><a href=\"https:\/\/twitter.com\/intent\/tweet?via=KHFI_BioReg\" class=\"twitter-share-button\">Twittern<\/a><\/div>\n","protected":false},"excerpt":{"rendered":"<p>Nach der Gr\u00fcndung des Kerckhoff Herzforschungsinstitut mit der Justus-Liebig-Universit\u00e4t Gie\u00dfen gGmbH (KHFI) im Jahr 2013 war es am 08.09.2014 endlich soweit: Das KHFI feierte seine [&hellip;] <span class=\"read-more-link\"><a class=\"read-more\" href=\"https:\/\/www.khfi.de\/khfiweb\/?page_id=198\">Read More<\/a><\/span><\/p>\n","protected":false},"author":1,"featured_media":0,"parent":0,"menu_order":0,"comment_status":"closed","ping_status":"closed","template":"","meta":{"footnotes":""},"yoast_head":"<!-- This site is optimized with the Yoast SEO plugin v23.5 - https:\/\/yoast.com\/wordpress\/plugins\/seo\/ -->\n<title>Historie | KHFI<\/title>\n<meta name=\"robots\" content=\"index, follow, max-snippet:-1, max-image-preview:large, max-video-preview:-1\" \/>\n<link rel=\"canonical\" href=\"https:\/\/www.khfi.de\/khfiweb\/?page_id=198\" \/>\n<meta property=\"og:locale\" content=\"de_DE\" \/>\n<meta property=\"og:type\" content=\"article\" \/>\n<meta property=\"og:title\" content=\"Historie | KHFI\" \/>\n<meta property=\"og:description\" content=\"Nach der Gr\u00fcndung des Kerckhoff Herzforschungsinstitut mit der Justus-Liebig-Universit\u00e4t Gie\u00dfen gGmbH (KHFI) im Jahr 2013 war es am 08.09.2014 endlich soweit: Das KHFI feierte seine [&hellip;] Read More\" \/>\n<meta property=\"og:url\" content=\"https:\/\/www.khfi.de\/khfiweb\/?page_id=198\" \/>\n<meta property=\"og:site_name\" content=\"KHFI\" \/>\n<meta property=\"article:modified_time\" content=\"2025-04-14T13:53:39+00:00\" \/>\n<meta property=\"og:image\" content=\"http:\/\/www.khfi.de\/khfiweb\/wp-content\/uploads\/2015\/06\/KHFI_25-300x210.jpg\" \/>\n<meta name=\"twitter:card\" content=\"summary_large_image\" \/>\n<meta name=\"twitter:site\" content=\"@KHFI_BioReg\" \/>\n<meta name=\"twitter:label1\" content=\"Gesch\u00e4tzte Lesezeit\" \/>\n\t<meta name=\"twitter:data1\" content=\"3\u00a0Minuten\" \/>\n<script type=\"application\/ld+json\" class=\"yoast-schema-graph\">{\"@context\":\"https:\/\/schema.org\",\"@graph\":[{\"@type\":\"WebPage\",\"@id\":\"https:\/\/www.khfi.de\/khfiweb\/?page_id=198\",\"url\":\"https:\/\/www.khfi.de\/khfiweb\/?page_id=198\",\"name\":\"Historie | KHFI\",\"isPartOf\":{\"@id\":\"https:\/\/www.khfi.de\/khfiweb\/#website\"},\"primaryImageOfPage\":{\"@id\":\"https:\/\/www.khfi.de\/khfiweb\/?page_id=198#primaryimage\"},\"image\":{\"@id\":\"https:\/\/www.khfi.de\/khfiweb\/?page_id=198#primaryimage\"},\"thumbnailUrl\":\"http:\/\/www.khfi.de\/khfiweb\/wp-content\/uploads\/2015\/06\/KHFI_25-300x210.jpg\",\"datePublished\":\"2015-05-14T17:53:34+00:00\",\"dateModified\":\"2025-04-14T13:53:39+00:00\",\"breadcrumb\":{\"@id\":\"https:\/\/www.khfi.de\/khfiweb\/?page_id=198#breadcrumb\"},\"inLanguage\":\"de\",\"potentialAction\":[{\"@type\":\"ReadAction\",\"target\":[\"https:\/\/www.khfi.de\/khfiweb\/?page_id=198\"]}]},{\"@type\":\"ImageObject\",\"inLanguage\":\"de\",\"@id\":\"https:\/\/www.khfi.de\/khfiweb\/?page_id=198#primaryimage\",\"url\":\"http:\/\/www.khfi.de\/khfiweb\/wp-content\/uploads\/2015\/06\/KHFI_25-300x210.jpg\",\"contentUrl\":\"http:\/\/www.khfi.de\/khfiweb\/wp-content\/uploads\/2015\/06\/KHFI_25-300x210.jpg\"},{\"@type\":\"BreadcrumbList\",\"@id\":\"https:\/\/www.khfi.de\/khfiweb\/?page_id=198#breadcrumb\",\"itemListElement\":[{\"@type\":\"ListItem\",\"position\":1,\"name\":\"Startseite\",\"item\":\"https:\/\/www.khfi.de\/khfiweb\/\"},{\"@type\":\"ListItem\",\"position\":2,\"name\":\"Historie\"}]},{\"@type\":\"WebSite\",\"@id\":\"https:\/\/www.khfi.de\/khfiweb\/#website\",\"url\":\"https:\/\/www.khfi.de\/khfiweb\/\",\"name\":\"KHFI\",\"description\":\"\",\"publisher\":{\"@id\":\"https:\/\/www.khfi.de\/khfiweb\/#organization\"},\"potentialAction\":[{\"@type\":\"SearchAction\",\"target\":{\"@type\":\"EntryPoint\",\"urlTemplate\":\"https:\/\/www.khfi.de\/khfiweb\/?s={search_term_string}\"},\"query-input\":{\"@type\":\"PropertyValueSpecification\",\"valueRequired\":true,\"valueName\":\"search_term_string\"}}],\"inLanguage\":\"de\"},{\"@type\":\"Organization\",\"@id\":\"https:\/\/www.khfi.de\/khfiweb\/#organization\",\"name\":\"Kerckhoff Heart Research Institute\",\"url\":\"https:\/\/www.khfi.de\/khfiweb\/\",\"logo\":{\"@type\":\"ImageObject\",\"inLanguage\":\"de\",\"@id\":\"https:\/\/www.khfi.de\/khfiweb\/#\/schema\/logo\/image\/\",\"url\":\"https:\/\/www.khfi.de\/khfiweb\/wp-content\/uploads\/2018\/02\/Logo_KHFI_klein100.png\",\"contentUrl\":\"https:\/\/www.khfi.de\/khfiweb\/wp-content\/uploads\/2018\/02\/Logo_KHFI_klein100.png\",\"width\":100,\"height\":31,\"caption\":\"Kerckhoff Heart Research Institute\"},\"image\":{\"@id\":\"https:\/\/www.khfi.de\/khfiweb\/#\/schema\/logo\/image\/\"},\"sameAs\":[\"https:\/\/x.com\/KHFI_BioReg\"]}]}<\/script>\n<!-- \/ Yoast SEO plugin. -->","yoast_head_json":{"title":"Historie | KHFI","robots":{"index":"index","follow":"follow","max-snippet":"max-snippet:-1","max-image-preview":"max-image-preview:large","max-video-preview":"max-video-preview:-1"},"canonical":"https:\/\/www.khfi.de\/khfiweb\/?page_id=198","og_locale":"de_DE","og_type":"article","og_title":"Historie | KHFI","og_description":"Nach der Gr\u00fcndung des Kerckhoff Herzforschungsinstitut mit der Justus-Liebig-Universit\u00e4t Gie\u00dfen gGmbH (KHFI) im Jahr 2013 war es am 08.09.2014 endlich soweit: Das KHFI feierte seine [&hellip;] Read More","og_url":"https:\/\/www.khfi.de\/khfiweb\/?page_id=198","og_site_name":"KHFI","article_modified_time":"2025-04-14T13:53:39+00:00","og_image":[{"url":"http:\/\/www.khfi.de\/khfiweb\/wp-content\/uploads\/2015\/06\/KHFI_25-300x210.jpg"}],"twitter_card":"summary_large_image","twitter_site":"@KHFI_BioReg","twitter_misc":{"Gesch\u00e4tzte Lesezeit":"3\u00a0Minuten"},"schema":{"@context":"https:\/\/schema.org","@graph":[{"@type":"WebPage","@id":"https:\/\/www.khfi.de\/khfiweb\/?page_id=198","url":"https:\/\/www.khfi.de\/khfiweb\/?page_id=198","name":"Historie | KHFI","isPartOf":{"@id":"https:\/\/www.khfi.de\/khfiweb\/#website"},"primaryImageOfPage":{"@id":"https:\/\/www.khfi.de\/khfiweb\/?page_id=198#primaryimage"},"image":{"@id":"https:\/\/www.khfi.de\/khfiweb\/?page_id=198#primaryimage"},"thumbnailUrl":"http:\/\/www.khfi.de\/khfiweb\/wp-content\/uploads\/2015\/06\/KHFI_25-300x210.jpg","datePublished":"2015-05-14T17:53:34+00:00","dateModified":"2025-04-14T13:53:39+00:00","breadcrumb":{"@id":"https:\/\/www.khfi.de\/khfiweb\/?page_id=198#breadcrumb"},"inLanguage":"de","potentialAction":[{"@type":"ReadAction","target":["https:\/\/www.khfi.de\/khfiweb\/?page_id=198"]}]},{"@type":"ImageObject","inLanguage":"de","@id":"https:\/\/www.khfi.de\/khfiweb\/?page_id=198#primaryimage","url":"http:\/\/www.khfi.de\/khfiweb\/wp-content\/uploads\/2015\/06\/KHFI_25-300x210.jpg","contentUrl":"http:\/\/www.khfi.de\/khfiweb\/wp-content\/uploads\/2015\/06\/KHFI_25-300x210.jpg"},{"@type":"BreadcrumbList","@id":"https:\/\/www.khfi.de\/khfiweb\/?page_id=198#breadcrumb","itemListElement":[{"@type":"ListItem","position":1,"name":"Startseite","item":"https:\/\/www.khfi.de\/khfiweb\/"},{"@type":"ListItem","position":2,"name":"Historie"}]},{"@type":"WebSite","@id":"https:\/\/www.khfi.de\/khfiweb\/#website","url":"https:\/\/www.khfi.de\/khfiweb\/","name":"KHFI","description":"","publisher":{"@id":"https:\/\/www.khfi.de\/khfiweb\/#organization"},"potentialAction":[{"@type":"SearchAction","target":{"@type":"EntryPoint","urlTemplate":"https:\/\/www.khfi.de\/khfiweb\/?s={search_term_string}"},"query-input":{"@type":"PropertyValueSpecification","valueRequired":true,"valueName":"search_term_string"}}],"inLanguage":"de"},{"@type":"Organization","@id":"https:\/\/www.khfi.de\/khfiweb\/#organization","name":"Kerckhoff Heart Research Institute","url":"https:\/\/www.khfi.de\/khfiweb\/","logo":{"@type":"ImageObject","inLanguage":"de","@id":"https:\/\/www.khfi.de\/khfiweb\/#\/schema\/logo\/image\/","url":"https:\/\/www.khfi.de\/khfiweb\/wp-content\/uploads\/2018\/02\/Logo_KHFI_klein100.png","contentUrl":"https:\/\/www.khfi.de\/khfiweb\/wp-content\/uploads\/2018\/02\/Logo_KHFI_klein100.png","width":100,"height":31,"caption":"Kerckhoff Heart Research Institute"},"image":{"@id":"https:\/\/www.khfi.de\/khfiweb\/#\/schema\/logo\/image\/"},"sameAs":["https:\/\/x.com\/KHFI_BioReg"]}]}},"_links":{"self":[{"href":"https:\/\/www.khfi.de\/khfiweb\/index.php?rest_route=\/wp\/v2\/pages\/198"}],"collection":[{"href":"https:\/\/www.khfi.de\/khfiweb\/index.php?rest_route=\/wp\/v2\/pages"}],"about":[{"href":"https:\/\/www.khfi.de\/khfiweb\/index.php?rest_route=\/wp\/v2\/types\/page"}],"author":[{"embeddable":true,"href":"https:\/\/www.khfi.de\/khfiweb\/index.php?rest_route=\/wp\/v2\/users\/1"}],"replies":[{"embeddable":true,"href":"https:\/\/www.khfi.de\/khfiweb\/index.php?rest_route=%2Fwp%2Fv2%2Fcomments&post=198"}],"version-history":[{"count":14,"href":"https:\/\/www.khfi.de\/khfiweb\/index.php?rest_route=\/wp\/v2\/pages\/198\/revisions"}],"predecessor-version":[{"id":3226,"href":"https:\/\/www.khfi.de\/khfiweb\/index.php?rest_route=\/wp\/v2\/pages\/198\/revisions\/3226"}],"wp:attachment":[{"href":"https:\/\/www.khfi.de\/khfiweb\/index.php?rest_route=%2Fwp%2Fv2%2Fmedia&parent=198"}],"curies":[{"name":"wp","href":"https:\/\/api.w.org\/{rel}","templated":true}]}}