{"id":213,"date":"2015-05-14T18:04:53","date_gmt":"2015-05-14T18:04:53","guid":{"rendered":"http:\/\/www.khfi.de\/?page_id=213"},"modified":"2018-05-25T14:53:24","modified_gmt":"2018-05-25T13:53:24","slug":"datenschutz","status":"publish","type":"page","link":"https:\/\/www.khfi.de\/khfiweb\/?page_id=213","title":{"rendered":"Aktuelle Studien"},"content":{"rendered":"<p>&nbsp;<\/p>\n<p><strong>Klinische Studien\u00a0 \u00a0 \u00a0 \u00a0 \u00a0 \u00a0<a href=\"\/khfiweb\/wp-content\/uploads\/2018\/02\/Logo_KHFI_klein100.png\"><img loading=\"lazy\" decoding=\"async\" class=\"alignnone size-full wp-image-1258\" src=\"\/khfiweb\/wp-content\/uploads\/2018\/02\/Logo_KHFI_klein100.png\" alt=\"\" width=\"100\" height=\"31\" \/><\/a><\/strong><\/p>\n<p>In Kooperation mit dem Universit\u00e4tsspital Z\u00fcrich wird am Standort der Kerckhoff Klinik die multizentrische Studie\u00a0<em>Controlled Level EVERolimus in Acute Coronary Syndromes<\/em> (<a href=\"https:\/\/clinicaltrials.gov\/ct2\/show\/NCT01529554\">CLEVER-ACS<\/a>) durchgef\u00fchrt.<\/p>\n<p>Initiiert durch den Studienleiter Dr. A. Rieth wird die Studie <em>Ha\u0308moDYNAmische Evaluierung von Patienten mit symptomatischer MITralinsuffizienz<\/em> (DYNA-MIT) durchgef\u00fchrt.<\/p>\n<p>Gemeinsam mit dem\u00a0Institut f\u00fcr Experimentelle und Translationale Kardiovaskul\u00e4re Bildgebung des Universit\u00e4tsklinikums der Goethe Universit\u00e4t Frankfurt (Direktor Prof. Dr. med. E. Nagel) f\u00fchren wir die <a href=\"https:\/\/www.cardiac-imaging.org\/international-t1-mapping-study.html\"><em>T1 Mapping-Register Kardio-MRT Studie<\/em><\/a> durch.<\/p>\n<p>&nbsp;<\/p>\n<p><strong>BioReg Studien\u00a0 \u00a0 \u00a0 \u00a0 \u00a0 \u00a0<a href=\"\/khfiweb\/wp-content\/uploads\/2018\/02\/Logo_BioReg_klein100.png\"><img loading=\"lazy\" decoding=\"async\" class=\"alignnone size-full wp-image-1260\" src=\"\/khfiweb\/wp-content\/uploads\/2018\/02\/Logo_BioReg_klein100.png\" alt=\"\" width=\"100\" height=\"31\" \/><\/a><\/strong><\/p>\n<p>Im Rahmen des Biomarkerregister erfolgt aktuell bei den folgenden Registerstudien eine aktive Rekrutierung und\/oder eine telefonische Nachverfolgung:\u00a0<a href=\"\/?page_id=748\">BioACS<\/a>; <a href=\"\/?page_id=967\">BioCTEPH<\/a>; <a href=\"\/?page_id=970\">BioFAILURE<\/a>; <a href=\"\/?page_id=759\">BioPROSPECTIVE<\/a><a href=\"\/?page_id=987\">; BioTASH<\/a>; BioSurgery; BioCVI;\u00a0<a href=\"\/?page_id=991\">BioVALVE<\/a>.<\/p>\n<p>&nbsp;<\/p>\n<p><strong>DZHK Studien\u00a0 \u00a0 \u00a0 \u00a0 \u00a0 <a href=\"\/khfiweb\/wp-content\/uploads\/2018\/02\/Logo_DZHK_klein100.png\"><img loading=\"lazy\" decoding=\"async\" class=\"alignnone size-full wp-image-1257\" src=\"\/khfiweb\/wp-content\/uploads\/2018\/02\/Logo_DZHK_klein100.png\" alt=\"\" width=\"100\" height=\"26\" \/><\/a><\/strong><\/p>\n<p>Seit 2012 ist die Kerckhoff-Klinik offizieller Partner des Standortes\u00a0<em>Rhein-Main<\/em> des\u00a0<a href=\"http:\/\/www.dzhk.de\/\" target=\"_blank\" rel=\"noopener\">Deutschen Zentrums f\u00fcr Herz\u2011 und Kreislaufforschung (DZHK) e.V.<\/a>. Am KHFI mit der Kerckhoff Klinik wurde eine entsprechende klinische DZHK Studiengruppe etabliert (CSG). Aktuell werden von dieser Gruppe die folgenden klinischen DZHK Studien durchgef\u00fchrt:\u00a0<a href=\"https:\/\/pip.dzhk.de\/aktuelle-dzhk-studien\/studie\/detail\/vaddzhk3\/\">VAD<\/a>; <a href=\"https:\/\/pip.dzhk.de\/aktuelle-dzhk-studien\/studie\/detail\/transitionchfdzhk2\/\">TransitionCHF<\/a>; <a href=\"https:\/\/dedicate.dzhk.de\">DEDICATE<\/a>; <a href=\"https:\/\/tomahawk.dzhk.de\">TOMAHAWK<\/a>; <a href=\"https:\/\/fair-hf2.dzhk.de\">FAIR-HF 2<\/a>; <a href=\"https:\/\/www.clinicaltrials.gov\/ct2\/show\/NCT01944800?term=isar-react&amp;rank=1\">ISAR-REACT 5<\/a> &amp;\u00a0<a href=\"https:\/\/www.cardiac-imaging.org\/decipher--hfpef.html\">DECIPHER HFpEF<\/a>. Folgende DZHK Studien wurden bereits abgeschlossen: <a href=\"https:\/\/pip.dzhk.de\/aktuelle-dzhk-studien\/studie\/detail\/torchdzhk1\/\">TORCH<\/a>.<\/p>\n<p>&nbsp;<\/p>\n\n<div class=\"twitter-share\"><a href=\"https:\/\/twitter.com\/intent\/tweet?via=KHFI_BioReg\" class=\"twitter-share-button\">Twittern<\/a><\/div>\n","protected":false},"excerpt":{"rendered":"<p>&nbsp; Klinische Studien\u00a0 \u00a0 \u00a0 \u00a0 \u00a0 \u00a0 In Kooperation mit dem Universit\u00e4tsspital Z\u00fcrich wird am Standort der Kerckhoff Klinik die multizentrische Studie\u00a0Controlled Level EVERolimus [&hellip;] <span class=\"read-more-link\"><a class=\"read-more\" href=\"https:\/\/www.khfi.de\/khfiweb\/?page_id=213\">Read More<\/a><\/span><\/p>\n","protected":false},"author":1,"featured_media":0,"parent":0,"menu_order":0,"comment_status":"closed","ping_status":"closed","template":"","meta":{"footnotes":""},"yoast_head":"<!-- This site is optimized with the Yoast SEO plugin v23.5 - https:\/\/yoast.com\/wordpress\/plugins\/seo\/ -->\n<title>Aktuelle Studien | KHFI<\/title>\n<meta name=\"robots\" content=\"index, follow, max-snippet:-1, max-image-preview:large, max-video-preview:-1\" \/>\n<link rel=\"canonical\" href=\"https:\/\/www.khfi.de\/khfiweb\/?page_id=213\" \/>\n<meta property=\"og:locale\" content=\"de_DE\" \/>\n<meta property=\"og:type\" content=\"article\" \/>\n<meta property=\"og:title\" content=\"Aktuelle Studien | KHFI\" \/>\n<meta property=\"og:description\" content=\"&nbsp; Klinische Studien\u00a0 \u00a0 \u00a0 \u00a0 \u00a0 \u00a0 In Kooperation mit dem Universit\u00e4tsspital Z\u00fcrich wird am Standort der Kerckhoff Klinik die multizentrische Studie\u00a0Controlled Level EVERolimus [&hellip;] Read More\" \/>\n<meta property=\"og:url\" content=\"https:\/\/www.khfi.de\/khfiweb\/?page_id=213\" \/>\n<meta property=\"og:site_name\" content=\"KHFI\" \/>\n<meta property=\"article:modified_time\" content=\"2018-05-25T13:53:24+00:00\" \/>\n<meta name=\"twitter:card\" content=\"summary_large_image\" \/>\n<meta name=\"twitter:site\" content=\"@KHFI_BioReg\" \/>\n<meta name=\"twitter:label1\" content=\"Gesch\u00e4tzte Lesezeit\" \/>\n\t<meta name=\"twitter:data1\" content=\"1\u00a0Minute\" \/>\n<script type=\"application\/ld+json\" class=\"yoast-schema-graph\">{\"@context\":\"https:\/\/schema.org\",\"@graph\":[{\"@type\":\"WebPage\",\"@id\":\"https:\/\/www.khfi.de\/khfiweb\/?page_id=213\",\"url\":\"https:\/\/www.khfi.de\/khfiweb\/?page_id=213\",\"name\":\"Aktuelle Studien | KHFI\",\"isPartOf\":{\"@id\":\"https:\/\/www.khfi.de\/khfiweb\/#website\"},\"datePublished\":\"2015-05-14T18:04:53+00:00\",\"dateModified\":\"2018-05-25T13:53:24+00:00\",\"breadcrumb\":{\"@id\":\"https:\/\/www.khfi.de\/khfiweb\/?page_id=213#breadcrumb\"},\"inLanguage\":\"de\",\"potentialAction\":[{\"@type\":\"ReadAction\",\"target\":[\"https:\/\/www.khfi.de\/khfiweb\/?page_id=213\"]}]},{\"@type\":\"BreadcrumbList\",\"@id\":\"https:\/\/www.khfi.de\/khfiweb\/?page_id=213#breadcrumb\",\"itemListElement\":[{\"@type\":\"ListItem\",\"position\":1,\"name\":\"Startseite\",\"item\":\"https:\/\/www.khfi.de\/khfiweb\/\"},{\"@type\":\"ListItem\",\"position\":2,\"name\":\"Aktuelle Studien\"}]},{\"@type\":\"WebSite\",\"@id\":\"https:\/\/www.khfi.de\/khfiweb\/#website\",\"url\":\"https:\/\/www.khfi.de\/khfiweb\/\",\"name\":\"KHFI\",\"description\":\"\",\"publisher\":{\"@id\":\"https:\/\/www.khfi.de\/khfiweb\/#organization\"},\"potentialAction\":[{\"@type\":\"SearchAction\",\"target\":{\"@type\":\"EntryPoint\",\"urlTemplate\":\"https:\/\/www.khfi.de\/khfiweb\/?s={search_term_string}\"},\"query-input\":{\"@type\":\"PropertyValueSpecification\",\"valueRequired\":true,\"valueName\":\"search_term_string\"}}],\"inLanguage\":\"de\"},{\"@type\":\"Organization\",\"@id\":\"https:\/\/www.khfi.de\/khfiweb\/#organization\",\"name\":\"Kerckhoff Heart Research Institute\",\"url\":\"https:\/\/www.khfi.de\/khfiweb\/\",\"logo\":{\"@type\":\"ImageObject\",\"inLanguage\":\"de\",\"@id\":\"https:\/\/www.khfi.de\/khfiweb\/#\/schema\/logo\/image\/\",\"url\":\"https:\/\/www.khfi.de\/khfiweb\/wp-content\/uploads\/2018\/02\/Logo_KHFI_klein100.png\",\"contentUrl\":\"https:\/\/www.khfi.de\/khfiweb\/wp-content\/uploads\/2018\/02\/Logo_KHFI_klein100.png\",\"width\":100,\"height\":31,\"caption\":\"Kerckhoff Heart Research Institute\"},\"image\":{\"@id\":\"https:\/\/www.khfi.de\/khfiweb\/#\/schema\/logo\/image\/\"},\"sameAs\":[\"https:\/\/x.com\/KHFI_BioReg\"]}]}<\/script>\n<!-- \/ Yoast SEO plugin. -->","yoast_head_json":{"title":"Aktuelle Studien | KHFI","robots":{"index":"index","follow":"follow","max-snippet":"max-snippet:-1","max-image-preview":"max-image-preview:large","max-video-preview":"max-video-preview:-1"},"canonical":"https:\/\/www.khfi.de\/khfiweb\/?page_id=213","og_locale":"de_DE","og_type":"article","og_title":"Aktuelle Studien | KHFI","og_description":"&nbsp; Klinische Studien\u00a0 \u00a0 \u00a0 \u00a0 \u00a0 \u00a0 In Kooperation mit dem Universit\u00e4tsspital Z\u00fcrich wird am Standort der Kerckhoff Klinik die multizentrische Studie\u00a0Controlled Level EVERolimus [&hellip;] Read More","og_url":"https:\/\/www.khfi.de\/khfiweb\/?page_id=213","og_site_name":"KHFI","article_modified_time":"2018-05-25T13:53:24+00:00","twitter_card":"summary_large_image","twitter_site":"@KHFI_BioReg","twitter_misc":{"Gesch\u00e4tzte Lesezeit":"1\u00a0Minute"},"schema":{"@context":"https:\/\/schema.org","@graph":[{"@type":"WebPage","@id":"https:\/\/www.khfi.de\/khfiweb\/?page_id=213","url":"https:\/\/www.khfi.de\/khfiweb\/?page_id=213","name":"Aktuelle Studien | KHFI","isPartOf":{"@id":"https:\/\/www.khfi.de\/khfiweb\/#website"},"datePublished":"2015-05-14T18:04:53+00:00","dateModified":"2018-05-25T13:53:24+00:00","breadcrumb":{"@id":"https:\/\/www.khfi.de\/khfiweb\/?page_id=213#breadcrumb"},"inLanguage":"de","potentialAction":[{"@type":"ReadAction","target":["https:\/\/www.khfi.de\/khfiweb\/?page_id=213"]}]},{"@type":"BreadcrumbList","@id":"https:\/\/www.khfi.de\/khfiweb\/?page_id=213#breadcrumb","itemListElement":[{"@type":"ListItem","position":1,"name":"Startseite","item":"https:\/\/www.khfi.de\/khfiweb\/"},{"@type":"ListItem","position":2,"name":"Aktuelle Studien"}]},{"@type":"WebSite","@id":"https:\/\/www.khfi.de\/khfiweb\/#website","url":"https:\/\/www.khfi.de\/khfiweb\/","name":"KHFI","description":"","publisher":{"@id":"https:\/\/www.khfi.de\/khfiweb\/#organization"},"potentialAction":[{"@type":"SearchAction","target":{"@type":"EntryPoint","urlTemplate":"https:\/\/www.khfi.de\/khfiweb\/?s={search_term_string}"},"query-input":{"@type":"PropertyValueSpecification","valueRequired":true,"valueName":"search_term_string"}}],"inLanguage":"de"},{"@type":"Organization","@id":"https:\/\/www.khfi.de\/khfiweb\/#organization","name":"Kerckhoff Heart Research Institute","url":"https:\/\/www.khfi.de\/khfiweb\/","logo":{"@type":"ImageObject","inLanguage":"de","@id":"https:\/\/www.khfi.de\/khfiweb\/#\/schema\/logo\/image\/","url":"https:\/\/www.khfi.de\/khfiweb\/wp-content\/uploads\/2018\/02\/Logo_KHFI_klein100.png","contentUrl":"https:\/\/www.khfi.de\/khfiweb\/wp-content\/uploads\/2018\/02\/Logo_KHFI_klein100.png","width":100,"height":31,"caption":"Kerckhoff Heart Research Institute"},"image":{"@id":"https:\/\/www.khfi.de\/khfiweb\/#\/schema\/logo\/image\/"},"sameAs":["https:\/\/x.com\/KHFI_BioReg"]}]}},"_links":{"self":[{"href":"https:\/\/www.khfi.de\/khfiweb\/index.php?rest_route=\/wp\/v2\/pages\/213"}],"collection":[{"href":"https:\/\/www.khfi.de\/khfiweb\/index.php?rest_route=\/wp\/v2\/pages"}],"about":[{"href":"https:\/\/www.khfi.de\/khfiweb\/index.php?rest_route=\/wp\/v2\/types\/page"}],"author":[{"embeddable":true,"href":"https:\/\/www.khfi.de\/khfiweb\/index.php?rest_route=\/wp\/v2\/users\/1"}],"replies":[{"embeddable":true,"href":"https:\/\/www.khfi.de\/khfiweb\/index.php?rest_route=%2Fwp%2Fv2%2Fcomments&post=213"}],"version-history":[{"count":38,"href":"https:\/\/www.khfi.de\/khfiweb\/index.php?rest_route=\/wp\/v2\/pages\/213\/revisions"}],"predecessor-version":[{"id":1639,"href":"https:\/\/www.khfi.de\/khfiweb\/index.php?rest_route=\/wp\/v2\/pages\/213\/revisions\/1639"}],"wp:attachment":[{"href":"https:\/\/www.khfi.de\/khfiweb\/index.php?rest_route=%2Fwp%2Fv2%2Fmedia&parent=213"}],"curies":[{"name":"wp","href":"https:\/\/api.w.org\/{rel}","templated":true}]}}